{"id":26,"date":"2022-08-13T23:24:50","date_gmt":"2022-08-13T21:24:50","guid":{"rendered":"https:\/\/www.medienoekonomie.at\/?page_id=26"},"modified":"2025-07-18T07:44:25","modified_gmt":"2025-07-18T05:44:25","slug":"netzwerke","status":"publish","type":"page","link":"https:\/\/www.medienoekonomie.at\/?page_id=26","title":{"rendered":"Netzwerke"},"content":{"rendered":"\n<p>\u00d6sterreichischen Gesellschaft f\u00fcr Kommunikationsfragen (<a href=\"http:\/\/www.ogk.at\/\" target=\"_blank\" rel=\"noreferrer noopener\">\u00d6GK<\/a>)<\/p>\n\n\n\n<p>Netzwerk Kritische Kommunikationswissenschaft (<a href=\"https:\/\/kritischekommunikationswissenschaft.wordpress.com\/\" target=\"_blank\" rel=\"noreferrer noopener\">KriKoWi<\/a>)<\/p>\n\n\n\n<p>Deutsche Gesellschaft f\u00fcr Publizistik- und Kommunikationswissenschaft (<a href=\"https:\/\/www.dgpuk.de\/de\/index.html\" target=\"_blank\" rel=\"noreferrer noopener\">DGPuK<\/a>)<\/p>\n\n\n\n<p><a href=\"https:\/\/www.researchgate.net\/profile\/Manfred-Knoche-2\" target=\"_blank\" rel=\"noreferrer noopener\">Researchgate<\/a><\/p>\n\n\n\n<p><a href=\"https:\/\/independent.academia.edu\/MKnoche\" target=\"_blank\" rel=\"noreferrer noopener\">Academia.edu<\/a><\/p>\n\n\n\n<p><a href=\"https:\/\/at.linkedin.com\/in\/prof-dr-manfred-knoche-3b77b469\" target=\"_blank\" rel=\"noreferrer noopener\">Linkedin<\/a><\/p>\n\n\n\n<p><a href=\"https:\/\/twitter.com\/medoek?lang=de\" target=\"_blank\" rel=\"noreferrer noopener\">X fr\u00fcher Twitter<\/a><\/p>\n\n\n\n<p><a href=\"https:\/\/orcid.org\/0000-0002-7490-5967\" target=\"_blank\" rel=\"noreferrer noopener\">Orcid ID<\/a><\/p>\n","protected":false},"excerpt":{"rendered":"<p>\u00d6sterreichischen Gesellschaft f\u00fcr Kommunikationsfragen (\u00d6GK) Netzwerk Kritische Kommunikationswissenschaft (KriKoWi) Deutsche Gesellschaft f\u00fcr Publizistik- und Kommunikationswissenschaft (DGPuK) Researchgate Academia.edu Linkedin X fr\u00fcher Twitter Orcid ID<\/p>\n","protected":false},"author":1,"featured_media":0,"parent":0,"menu_order":0,"comment_status":"closed","ping_status":"closed","template":"","meta":{"footnotes":""},"class_list":["post-26","page","type-page","status-publish","hentry"],"yoast_head":"<!-- This site is optimized with the Yoast SEO plugin v27.3 - https:\/\/yoast.com\/product\/yoast-seo-wordpress\/ -->\n<title>Netzwerke | Manfred Knoche<\/title>\n<meta name=\"robots\" content=\"index, follow, max-snippet:-1, max-image-preview:large, max-video-preview:-1\" \/>\n<link rel=\"canonical\" href=\"https:\/\/www.medienoekonomie.at\/?page_id=26\" \/>\n<meta property=\"og:locale\" content=\"de_DE\" \/>\n<meta property=\"og:type\" content=\"article\" \/>\n<meta property=\"og:title\" content=\"Netzwerke | Manfred Knoche\" \/>\n<meta property=\"og:description\" content=\"\u00d6sterreichischen Gesellschaft f\u00fcr Kommunikationsfragen (\u00d6GK) Netzwerk Kritische Kommunikationswissenschaft (KriKoWi) Deutsche Gesellschaft f\u00fcr Publizistik- und Kommunikationswissenschaft (DGPuK) Researchgate Academia.edu Linkedin X fr\u00fcher Twitter Orcid ID\" \/>\n<meta property=\"og:url\" content=\"https:\/\/www.medienoekonomie.at\/?page_id=26\" \/>\n<meta property=\"og:site_name\" content=\"Manfred Knoche\" \/>\n<meta property=\"article:modified_time\" content=\"2025-07-18T05:44:25+00:00\" \/>\n<meta name=\"twitter:card\" content=\"summary_large_image\" \/>\n<meta name=\"twitter:label1\" content=\"Gesch\u00e4tzte Lesezeit\" \/>\n\t<meta name=\"twitter:data1\" content=\"1\u00a0Minute\" \/>\n<script type=\"application\/ld+json\" class=\"yoast-schema-graph\">{\"@context\":\"https:\\\/\\\/schema.org\",\"@graph\":[{\"@type\":\"WebPage\",\"@id\":\"https:\\\/\\\/www.medienoekonomie.at\\\/?page_id=26\",\"url\":\"https:\\\/\\\/www.medienoekonomie.at\\\/?page_id=26\",\"name\":\"Netzwerke | Manfred Knoche\",\"isPartOf\":{\"@id\":\"https:\\\/\\\/www.medienoekonomie.at\\\/#website\"},\"datePublished\":\"2022-08-13T21:24:50+00:00\",\"dateModified\":\"2025-07-18T05:44:25+00:00\",\"breadcrumb\":{\"@id\":\"https:\\\/\\\/www.medienoekonomie.at\\\/?page_id=26#breadcrumb\"},\"inLanguage\":\"de\",\"potentialAction\":[{\"@type\":\"ReadAction\",\"target\":[\"https:\\\/\\\/www.medienoekonomie.at\\\/?page_id=26\"]}]},{\"@type\":\"BreadcrumbList\",\"@id\":\"https:\\\/\\\/www.medienoekonomie.at\\\/?page_id=26#breadcrumb\",\"itemListElement\":[{\"@type\":\"ListItem\",\"position\":1,\"name\":\"Startseite\",\"item\":\"https:\\\/\\\/www.medienoekonomie.at\\\/\"},{\"@type\":\"ListItem\",\"position\":2,\"name\":\"Netzwerke\"}]},{\"@type\":\"WebSite\",\"@id\":\"https:\\\/\\\/www.medienoekonomie.at\\\/#website\",\"url\":\"https:\\\/\\\/www.medienoekonomie.at\\\/\",\"name\":\"Manfred Knoche\",\"description\":\"Kritik der politischen \u00d6konomie der Medien\",\"publisher\":{\"@id\":\"https:\\\/\\\/www.medienoekonomie.at\\\/#\\\/schema\\\/person\\\/a0234e5d142d94ce49ba4e5d9ebaa90c\"},\"potentialAction\":[{\"@type\":\"SearchAction\",\"target\":{\"@type\":\"EntryPoint\",\"urlTemplate\":\"https:\\\/\\\/www.medienoekonomie.at\\\/?s={search_term_string}\"},\"query-input\":{\"@type\":\"PropertyValueSpecification\",\"valueRequired\":true,\"valueName\":\"search_term_string\"}}],\"inLanguage\":\"de\"},{\"@type\":[\"Person\",\"Organization\"],\"@id\":\"https:\\\/\\\/www.medienoekonomie.at\\\/#\\\/schema\\\/person\\\/a0234e5d142d94ce49ba4e5d9ebaa90c\",\"name\":\"Manfred Knoche\",\"image\":{\"@type\":\"ImageObject\",\"inLanguage\":\"de\",\"@id\":\"https:\\\/\\\/i0.wp.com\\\/www.medienoekonomie.at\\\/wp-content\\\/uploads\\\/2022\\\/08\\\/image.jpeg?fit=151%2C167&ssl=1\",\"url\":\"https:\\\/\\\/i0.wp.com\\\/www.medienoekonomie.at\\\/wp-content\\\/uploads\\\/2022\\\/08\\\/image.jpeg?fit=151%2C167&ssl=1\",\"contentUrl\":\"https:\\\/\\\/i0.wp.com\\\/www.medienoekonomie.at\\\/wp-content\\\/uploads\\\/2022\\\/08\\\/image.jpeg?fit=151%2C167&ssl=1\",\"width\":151,\"height\":167,\"caption\":\"Manfred Knoche\"},\"logo\":{\"@id\":\"https:\\\/\\\/i0.wp.com\\\/www.medienoekonomie.at\\\/wp-content\\\/uploads\\\/2022\\\/08\\\/image.jpeg?fit=151%2C167&ssl=1\"},\"sameAs\":[\"https:\\\/\\\/www.medienoekonomie.at\"]}]}<\/script>\n<!-- \/ Yoast SEO plugin. -->","yoast_head_json":{"title":"Netzwerke | Manfred Knoche","robots":{"index":"index","follow":"follow","max-snippet":"max-snippet:-1","max-image-preview":"max-image-preview:large","max-video-preview":"max-video-preview:-1"},"canonical":"https:\/\/www.medienoekonomie.at\/?page_id=26","og_locale":"de_DE","og_type":"article","og_title":"Netzwerke | Manfred Knoche","og_description":"\u00d6sterreichischen Gesellschaft f\u00fcr Kommunikationsfragen (\u00d6GK) Netzwerk Kritische Kommunikationswissenschaft (KriKoWi) Deutsche Gesellschaft f\u00fcr Publizistik- und Kommunikationswissenschaft (DGPuK) Researchgate Academia.edu Linkedin X fr\u00fcher Twitter Orcid ID","og_url":"https:\/\/www.medienoekonomie.at\/?page_id=26","og_site_name":"Manfred Knoche","article_modified_time":"2025-07-18T05:44:25+00:00","twitter_card":"summary_large_image","twitter_misc":{"Gesch\u00e4tzte Lesezeit":"1\u00a0Minute"},"schema":{"@context":"https:\/\/schema.org","@graph":[{"@type":"WebPage","@id":"https:\/\/www.medienoekonomie.at\/?page_id=26","url":"https:\/\/www.medienoekonomie.at\/?page_id=26","name":"Netzwerke | Manfred Knoche","isPartOf":{"@id":"https:\/\/www.medienoekonomie.at\/#website"},"datePublished":"2022-08-13T21:24:50+00:00","dateModified":"2025-07-18T05:44:25+00:00","breadcrumb":{"@id":"https:\/\/www.medienoekonomie.at\/?page_id=26#breadcrumb"},"inLanguage":"de","potentialAction":[{"@type":"ReadAction","target":["https:\/\/www.medienoekonomie.at\/?page_id=26"]}]},{"@type":"BreadcrumbList","@id":"https:\/\/www.medienoekonomie.at\/?page_id=26#breadcrumb","itemListElement":[{"@type":"ListItem","position":1,"name":"Startseite","item":"https:\/\/www.medienoekonomie.at\/"},{"@type":"ListItem","position":2,"name":"Netzwerke"}]},{"@type":"WebSite","@id":"https:\/\/www.medienoekonomie.at\/#website","url":"https:\/\/www.medienoekonomie.at\/","name":"Manfred Knoche","description":"Kritik der politischen \u00d6konomie der Medien","publisher":{"@id":"https:\/\/www.medienoekonomie.at\/#\/schema\/person\/a0234e5d142d94ce49ba4e5d9ebaa90c"},"potentialAction":[{"@type":"SearchAction","target":{"@type":"EntryPoint","urlTemplate":"https:\/\/www.medienoekonomie.at\/?s={search_term_string}"},"query-input":{"@type":"PropertyValueSpecification","valueRequired":true,"valueName":"search_term_string"}}],"inLanguage":"de"},{"@type":["Person","Organization"],"@id":"https:\/\/www.medienoekonomie.at\/#\/schema\/person\/a0234e5d142d94ce49ba4e5d9ebaa90c","name":"Manfred Knoche","image":{"@type":"ImageObject","inLanguage":"de","@id":"https:\/\/i0.wp.com\/www.medienoekonomie.at\/wp-content\/uploads\/2022\/08\/image.jpeg?fit=151%2C167&ssl=1","url":"https:\/\/i0.wp.com\/www.medienoekonomie.at\/wp-content\/uploads\/2022\/08\/image.jpeg?fit=151%2C167&ssl=1","contentUrl":"https:\/\/i0.wp.com\/www.medienoekonomie.at\/wp-content\/uploads\/2022\/08\/image.jpeg?fit=151%2C167&ssl=1","width":151,"height":167,"caption":"Manfred Knoche"},"logo":{"@id":"https:\/\/i0.wp.com\/www.medienoekonomie.at\/wp-content\/uploads\/2022\/08\/image.jpeg?fit=151%2C167&ssl=1"},"sameAs":["https:\/\/www.medienoekonomie.at"]}]}},"_links":{"self":[{"href":"https:\/\/www.medienoekonomie.at\/index.php?rest_route=\/wp\/v2\/pages\/26","targetHints":{"allow":["GET"]}}],"collection":[{"href":"https:\/\/www.medienoekonomie.at\/index.php?rest_route=\/wp\/v2\/pages"}],"about":[{"href":"https:\/\/www.medienoekonomie.at\/index.php?rest_route=\/wp\/v2\/types\/page"}],"author":[{"embeddable":true,"href":"https:\/\/www.medienoekonomie.at\/index.php?rest_route=\/wp\/v2\/users\/1"}],"replies":[{"embeddable":true,"href":"https:\/\/www.medienoekonomie.at\/index.php?rest_route=%2Fwp%2Fv2%2Fcomments&post=26"}],"version-history":[{"count":3,"href":"https:\/\/www.medienoekonomie.at\/index.php?rest_route=\/wp\/v2\/pages\/26\/revisions"}],"predecessor-version":[{"id":277,"href":"https:\/\/www.medienoekonomie.at\/index.php?rest_route=\/wp\/v2\/pages\/26\/revisions\/277"}],"wp:attachment":[{"href":"https:\/\/www.medienoekonomie.at\/index.php?rest_route=%2Fwp%2Fv2%2Fmedia&parent=26"}],"curies":[{"name":"wp","href":"https:\/\/api.w.org\/{rel}","templated":true}]}}