{"id":31,"date":"2022-08-13T23:23:29","date_gmt":"2022-08-13T21:23:29","guid":{"rendered":"https:\/\/www.medienoekonomie.at\/?page_id=31"},"modified":"2025-07-21T07:25:20","modified_gmt":"2025-07-21T05:25:20","slug":"downloads-zu-aktuelleren-publikationen","status":"publish","type":"page","link":"https:\/\/www.medienoekonomie.at\/?page_id=31","title":{"rendered":"Downloads zu aktuelleren Publikationen"},"content":{"rendered":"\n<p>Publikationen inkl.M\u00f6glichkeiten&nbsp;<strong>Download&nbsp;<\/strong>unter <\/p>\n\n\n\n<h2 class=\"wp-block-heading\"><strong><a href=\"https:\/\/scholar.google.at\/citations?user=Ox97LYgAAAAJ&amp;hl=de\">Google Scholar<\/a><\/strong>&nbsp;<\/h2>\n\n\n\n<h2 class=\"wp-block-heading\">&nbsp;<strong><a href=\"https:\/\/orcid.org\/0000-0002-7490-5967\" target=\"_blank\" rel=\"noreferrer noopener\">Orcid<\/a>&nbsp;            &nbsp;<a href=\"https:\/\/independent.academia.edu\/MKnoche\">Academia.edu<\/a><\/strong>&nbsp;           &nbsp;<strong><a href=\"https:\/\/www.researchgate.net\/profile\/Manfred-Knoche-2\" target=\"_blank\" rel=\"noreferrer noopener\">Researchgate<\/a><\/strong><\/h2>\n\n\n\n<p><strong>Neuere Publikationen<\/strong>&nbsp;mit weiteren Download-M\u00f6glichkeit Beitr\u00e4ge&nbsp;<strong>Open Access<\/strong>&nbsp;in<\/p>\n\n\n\n<h2 class=\"wp-block-heading\">&nbsp;<a href=\"https:\/\/eplus.uni-salzburg.at\/search\/quick?query=Manfred+Knoche\"><strong>eplus Uni Salzburg<\/strong><\/a><\/h2>\n\n\n\n<p><a href=\"https:\/\/www.medienoekonomie.at\/wp-content\/uploads\/2025\/07\/Knoche-Westminster-2025-9781915445506.pdf\" target=\"_blank\" rel=\"noreferrer noopener\">Manfred Knoche: Critique of the Political Economy of the Media: Foundations and Applications, Westminster Press (2025)<\/a><\/p>\n\n\n\n<p><a href=\"https:\/\/doi.org\/10.31269\/triplec.v22i2.1525\" target=\"_blank\" rel=\"noreferrer noopener\">Manfred Knoche: Alternative Media: Free from State, Market, and Capital(ism)? On the Antagonisms of Alternative Media and the Alternative Economy. In: tripleC: Communication, Capitalism &amp; Critique, 2024, Vol. 22, No. 2, 518-533<\/a><\/p>\n\n\n\n<p><a href=\"https:\/\/doi.org\/10.31269\/triplec.v22i1.1483\" target=\"_blank\" rel=\"noreferrer noopener\">Manfred Knoche: Development of Media Technologies as \u201cNew Media\u201d from the Perspective of a Critique of the Political Economy of the Media. In: tripleC: Communication, Capitalism &amp; Critique, 2024, Vol. 22, No. 1, 25-43<\/a><\/p>\n\n\n\n<p><a href=\"https:\/\/doi.org\/10.31269\/triplec.v21i2.1469\" target=\"_blank\" rel=\"noreferrer noopener\">Manfred Knoche: Advertising \u2013 a Necessary \u201cElixir of Life\u201d for Capitalism: On the Critique of the Political Economy of Advertising. In: tripleC: Communication, Capitalism &amp; Critique, 2023, Vol. 21, No. 2, 122-139<\/a><\/p>\n\n\n\n<p><a href=\"https:\/\/doi.org\/10.31269\/triplec.v21i2.1465\" target=\"_blank\" rel=\"noreferrer noopener\">Manfred Knoche: Media, Journalism, and the Public Sphere in Private Family Ownership. On the Critique of the Political Economy of Capitalist Media Enterprises. In: tripleC: Communication, Capitalism &amp; Critique, 2023, Vol. 21, No. 2, 92-106<\/a><\/p>\n\n\n\n<p><a href=\"https:\/\/westendverlag.de\/media\/fe\/b0\/14\/1704890846\/10.53291ZNWQ4333_Knoche_Medien_04.pdf\" target=\"_blank\" rel=\"noreferrer noopener\">Manfred Knoche: Medien, Journalismus und \u00d6ffentlichkeit im Familien-Privateigentum. Zur Kritik der politischen \u00d6konomie kapitalistischer Medienunternehmen. In: G\u00fcney, Selma \/ Hille, Lina \/ Pfeiffer, Juliane \/ Porak, Laura \/ Theine, Hendrik (Hrsg.): Eigentum, Medien, \u00d6ffentlichkeit. Verhandlungen des Netzwerks Kritische Kommunikationswissenschaft. S. 55-75 (2023)<\/a><\/p>\n\n\n\n<p><a href=\"https:\/\/doi.org\/10.31269\/triplec.v19i2.1298\" target=\"_blank\" rel=\"noreferrer noopener\">Manfred Knoche: Media Concentration: A Critical Political Economy Perspective. In: tripleC: Communication, Capitalism &amp; Critique, 2021, Vol. 19, No. 2, 371-391<\/a><\/p>\n\n\n\n<p><a href=\"https:\/\/www.triple-c.at\/index.php\/tripleC\/article\/view\/1283\" target=\"_blank\" rel=\"noreferrer noopener\">Manfred Knoche: Capitalisation of the Media Industry From a Political Economy Perspective. In: tripleC: Communication, Capitalism &amp; Critique, London, 2021, Jg. 19, H. 2, S. 325-342.<\/a><\/p>\n\n\n\n<p><a href=\"https:\/\/www.medienoekonomie.at\/wp-content\/uploads\/2022\/08\/Knoche-Autobiografisches-Interview-2020.pdf\" data-type=\"URL\" data-id=\"https:\/\/www.medienoekonomie.at\/wp-content\/uploads\/2022\/08\/Knoche-Autobiografisches-Interview-2020.pdf\">Manfred Knoche: Ich sehe es bis heute als mein pers\u00f6nliches Gl\u00fcck an, dass ich Teil der Studentenbewegung sein konnte. In: Maria L\u00f6blich\/Niklas&nbsp;Venema&nbsp;(Hrsg.): \u201eRegierungszeit des Mittelbaus\u201c? Ann\u00e4herungen an die Berliner Publizistikwissenschaft nach der Studentenbewegung. Herbert von Halem Verlag. K\u00f6ln 2020, S. 149-168.<\/a><\/p>\n\n\n\n<p><a href=\"https:\/\/doi.org\/10.31269\/triplec.v18i2.1183\" target=\"_blank\" rel=\"noreferrer noopener\">Manfred Knoche: Science Communication and Open Access: The Critique of the Political Economy of Capitalist Academic Publishers as Ideology Critique,&nbsp;tripleC: Communication, Capitalism &amp; Critique, London, 2020, Jg. 18, H. 2, 508-534.<\/a><\/p>\n\n\n\n<p><a href=\"https:\/\/www.medienoekonomie.at\/wp-content\/uploads\/2025\/07\/Kritik-der-politischen-Oekonomie-der-Wissenschaftskommunikation-als-Ideologiekritik-Open-Access-2020.pdf\" target=\"_blank\" rel=\"noreferrer noopener\">Manfred Knoche: Kritik der politischen \u00d6konomie der Wissenschaftskommunikation als Ideologiekritik: Open Access. In: Uwe Kr\u00fcger\/Sebastian Sevignani (Hrsg.): Ideologie, Kritik, \u00d6ffentlichkeit &#8211; Verhandlungen des Netzwerks Kritische Kommunikationswissenschaft. Westend Verlag 2020, 152-187<\/a><\/p>\n\n\n\n<p><a href=\"https:\/\/nbn-resolving.org\/urn:nbn:de:bsz:15-qucosa2-362113\" target=\"_blank\" rel=\"noreferrer noopener\">Manfred Knoche:&nbsp;Kritik der politischen \u00d6konomie der Wissenschaftskommunikation als Ideologiekritik: Open Access, in:&nbsp;Uwe Kr\u00fcger\/Sebastian Sevignani (Hrsg.):&nbsp;Ideologie, Kritik, \u00d6ffentlichkeit: Verhandlungen des Netzwerks Kritische Kommunikationswissenschaft, Leipzig 2019, 140-174.<\/a><\/p>\n\n\n\n<p><a href=\"https:\/\/www.triple-c.at\/index.php\/tripleC\/article\/view\/1137\" target=\"_blank\" rel=\"noreferrer noopener\">Manfred Knoche: The Crisis-Ridden Capitalist Mode of Production as Driving Force for Restructurations and Transformations in and of the Media Industry: Explanatory Theoretical Elements of a Critique of the Political Economy of the Media, in: TripleC, Communication, capitalism &amp; critique,&nbsp;&nbsp;Jg. 17, H. 2, 287-307 (2019)<\/a><\/p>\n\n\n\n<p><a href=\"http:\/\/blexkom.halemverlag.de\/knoche-interview\/\" target=\"_blank\" rel=\"noreferrer noopener\">Manfred Knoche: Kritik der politischen \u00d6konomie der Medien. Autobiographisches Interview mit Manfred Knoche. In: Michael Meyen\/Thomas Wiedemann (Hrsg.): Biografisches Lexikon der Kommunikationswissenschaft. K\u00f6ln: Herbert von Halem 2017<\/a><\/p>\n\n\n\n<p><a href=\"https:\/\/doi.org\/10.31269\/triplec.v14i1.730\" target=\"_blank\" rel=\"noreferrer noopener\">Manfred Knoche: The Media Industry\u2019s Structural Transformation in Capitalism and the Role of the State: Media Economics in the Age of Digital Communications, In: TripleC. Communication, capitalism &amp; critique, Jg. 14, H. 1, 18-47. (2015)<\/a><\/p>\n\n\n\n<p>&nbsp;<a href=\"https:\/\/eplus.uni-salzburg.at\/obvusboa\/content\/titleinfo\/1761063\" target=\"_blank\" rel=\"noreferrer noopener\">Manfred Knoche: Emanzipatorische Transformation der Wissenschaftskommunikation statt Irrweg Verlags-TOLL OPEN ACCESS In: MedienJournal \u2013 Zeitschrift f\u00fcr Kommunikationskultur, Jg. 38, H. 4, 76-78. (2014)<\/a><\/p>\n\n\n\n<p><a href=\"https:\/\/www.plus.ac.at\/wp-content\/uploads\/2022\/07\/Knoche-Open-Access-DGPuK2014-Passau.pdf\">Manfred Knoche: Open-Access-Alb-Wunsch-Traum of an advocate of a truly free non-profit scholarly communication (Paper zur DGPuk2014, Passau 28.-30.5.2014)<\/a><\/p>\n\n\n\n<p><a href=\"https:\/\/www.plus.ac.at\/wp-content\/uploads\/2022\/07\/Knoche-Befreiung-von-kapitalistischen-Geschaeftsmodellen-2014.pdf\">Manfred Knoche: Befreiung von kapitalistischen Gesch\u00e4ftsmodellen. Entkapitalisierung von Journalismus und Kommunikationswissenschaft, in: Frank Lobigs\/Gerret von Nordheim (Hrsg.): Journalismus ist kein Gesch\u00e4ftsmodell. Aktuelle Studien zur \u00d6konomie und Nicht-\u00d6konomie des Journalismus. Baden-Baden: Nomos 2014, 241-266.<\/a><\/p>\n\n\n\n<p><a href=\"https:\/\/www.plus.ac.at\/wp-content\/uploads\/2022\/07\/Knoche-Krisenhafte-kapitalistische-Produktionweise.pdf\" target=\"_blank\" rel=\"noreferrer noopener\">Manfred Knoche: Krisenhafte kapitalistische Produktionsweise als Triebkraft f\u00fcr Restrukturierungen und Transformationen (in) der Medienindustrie \u2013 &nbsp;Erkl\u00e4rende Theorieelemente einer Kritik der politischen \u00d6konomie der Medien, in: Wolfgang Seufert\/Felix Sattelberger (Hrsg): Langfristiger Wandel von Medienstrukturen. Theorie, Methoden, Befunde. Baden-Baden: Nomos 2013, 87-111.<\/a><\/p>\n\n\n\n<p><a href=\"https:\/\/eplus.uni-salzburg.at\/obvusboa\/content\/titleinfo\/4717240\" target=\"_blank\" rel=\"noreferrer noopener\">Manfred Knoche: Medienkonzentration, in: Barbara Thoma\u00df (Hrsg.): Mediensysteme im internationalen Vergleich. UVK Konstanz mit UVK\/Lucius M\u00fcnchen (UTB). 2., \u00fcberarbeitete Aufl. 2013, 135-160.<\/a><\/p>\n\n\n\n<p><\/p>\n","protected":false},"excerpt":{"rendered":"<p>Publikationen inkl.M\u00f6glichkeiten&nbsp;Download&nbsp;unter Google Scholar&nbsp; &nbsp;Orcid&nbsp; &nbsp;Academia.edu&nbsp; &nbsp;Researchgate Neuere Publikationen&nbsp;mit weiteren Download-M\u00f6glichkeit Beitr\u00e4ge&nbsp;Open Access&nbsp;in &nbsp;eplus Uni Salzburg Manfred Knoche: Critique of the Political Economy of the Media: Foundations and Applications, Westminster Press (2025) Manfred Knoche: Alternative Media: Free from State, Market, &hellip; <a href=\"https:\/\/www.medienoekonomie.at\/?page_id=31\">Weiterlesen <span class=\"meta-nav\">&rarr;<\/span><\/a><\/p>\n","protected":false},"author":1,"featured_media":0,"parent":0,"menu_order":0,"comment_status":"closed","ping_status":"closed","template":"","meta":{"footnotes":""},"class_list":["post-31","page","type-page","status-publish","hentry"],"yoast_head":"<!-- This site is optimized with the Yoast SEO plugin v27.3 - https:\/\/yoast.com\/product\/yoast-seo-wordpress\/ -->\n<title>Downloads zu aktuelleren Publikationen | Manfred Knoche<\/title>\n<meta name=\"robots\" content=\"index, follow, max-snippet:-1, max-image-preview:large, max-video-preview:-1\" \/>\n<link rel=\"canonical\" href=\"https:\/\/www.medienoekonomie.at\/?page_id=31\" \/>\n<meta property=\"og:locale\" content=\"de_DE\" \/>\n<meta property=\"og:type\" content=\"article\" \/>\n<meta property=\"og:title\" content=\"Downloads zu aktuelleren Publikationen | Manfred Knoche\" \/>\n<meta property=\"og:description\" content=\"Publikationen inkl.M\u00f6glichkeiten&nbsp;Download&nbsp;unter Google Scholar&nbsp; &nbsp;Orcid&nbsp; &nbsp;Academia.edu&nbsp; &nbsp;Researchgate Neuere Publikationen&nbsp;mit weiteren Download-M\u00f6glichkeit Beitr\u00e4ge&nbsp;Open Access&nbsp;in &nbsp;eplus Uni Salzburg Manfred Knoche: Critique of the Political Economy of the Media: Foundations and Applications, Westminster Press (2025) Manfred Knoche: Alternative Media: Free from State, Market, &hellip; Weiterlesen &rarr;\" \/>\n<meta property=\"og:url\" content=\"https:\/\/www.medienoekonomie.at\/?page_id=31\" \/>\n<meta property=\"og:site_name\" content=\"Manfred Knoche\" \/>\n<meta property=\"article:modified_time\" content=\"2025-07-21T05:25:20+00:00\" \/>\n<meta name=\"twitter:card\" content=\"summary_large_image\" \/>\n<meta name=\"twitter:label1\" content=\"Gesch\u00e4tzte Lesezeit\" \/>\n\t<meta name=\"twitter:data1\" content=\"4\u00a0Minuten\" \/>\n<script type=\"application\/ld+json\" class=\"yoast-schema-graph\">{\"@context\":\"https:\\\/\\\/schema.org\",\"@graph\":[{\"@type\":\"WebPage\",\"@id\":\"https:\\\/\\\/www.medienoekonomie.at\\\/?page_id=31\",\"url\":\"https:\\\/\\\/www.medienoekonomie.at\\\/?page_id=31\",\"name\":\"Downloads zu aktuelleren Publikationen | Manfred Knoche\",\"isPartOf\":{\"@id\":\"https:\\\/\\\/www.medienoekonomie.at\\\/#website\"},\"datePublished\":\"2022-08-13T21:23:29+00:00\",\"dateModified\":\"2025-07-21T05:25:20+00:00\",\"breadcrumb\":{\"@id\":\"https:\\\/\\\/www.medienoekonomie.at\\\/?page_id=31#breadcrumb\"},\"inLanguage\":\"de\",\"potentialAction\":[{\"@type\":\"ReadAction\",\"target\":[\"https:\\\/\\\/www.medienoekonomie.at\\\/?page_id=31\"]}]},{\"@type\":\"BreadcrumbList\",\"@id\":\"https:\\\/\\\/www.medienoekonomie.at\\\/?page_id=31#breadcrumb\",\"itemListElement\":[{\"@type\":\"ListItem\",\"position\":1,\"name\":\"Startseite\",\"item\":\"https:\\\/\\\/www.medienoekonomie.at\\\/\"},{\"@type\":\"ListItem\",\"position\":2,\"name\":\"Downloads zu aktuelleren Publikationen\"}]},{\"@type\":\"WebSite\",\"@id\":\"https:\\\/\\\/www.medienoekonomie.at\\\/#website\",\"url\":\"https:\\\/\\\/www.medienoekonomie.at\\\/\",\"name\":\"Manfred Knoche\",\"description\":\"Kritik der politischen \u00d6konomie der Medien\",\"publisher\":{\"@id\":\"https:\\\/\\\/www.medienoekonomie.at\\\/#\\\/schema\\\/person\\\/a0234e5d142d94ce49ba4e5d9ebaa90c\"},\"potentialAction\":[{\"@type\":\"SearchAction\",\"target\":{\"@type\":\"EntryPoint\",\"urlTemplate\":\"https:\\\/\\\/www.medienoekonomie.at\\\/?s={search_term_string}\"},\"query-input\":{\"@type\":\"PropertyValueSpecification\",\"valueRequired\":true,\"valueName\":\"search_term_string\"}}],\"inLanguage\":\"de\"},{\"@type\":[\"Person\",\"Organization\"],\"@id\":\"https:\\\/\\\/www.medienoekonomie.at\\\/#\\\/schema\\\/person\\\/a0234e5d142d94ce49ba4e5d9ebaa90c\",\"name\":\"Manfred Knoche\",\"image\":{\"@type\":\"ImageObject\",\"inLanguage\":\"de\",\"@id\":\"https:\\\/\\\/i0.wp.com\\\/www.medienoekonomie.at\\\/wp-content\\\/uploads\\\/2022\\\/08\\\/image.jpeg?fit=151%2C167&ssl=1\",\"url\":\"https:\\\/\\\/i0.wp.com\\\/www.medienoekonomie.at\\\/wp-content\\\/uploads\\\/2022\\\/08\\\/image.jpeg?fit=151%2C167&ssl=1\",\"contentUrl\":\"https:\\\/\\\/i0.wp.com\\\/www.medienoekonomie.at\\\/wp-content\\\/uploads\\\/2022\\\/08\\\/image.jpeg?fit=151%2C167&ssl=1\",\"width\":151,\"height\":167,\"caption\":\"Manfred Knoche\"},\"logo\":{\"@id\":\"https:\\\/\\\/i0.wp.com\\\/www.medienoekonomie.at\\\/wp-content\\\/uploads\\\/2022\\\/08\\\/image.jpeg?fit=151%2C167&ssl=1\"},\"sameAs\":[\"https:\\\/\\\/www.medienoekonomie.at\"]}]}<\/script>\n<!-- \/ Yoast SEO plugin. -->","yoast_head_json":{"title":"Downloads zu aktuelleren Publikationen | Manfred Knoche","robots":{"index":"index","follow":"follow","max-snippet":"max-snippet:-1","max-image-preview":"max-image-preview:large","max-video-preview":"max-video-preview:-1"},"canonical":"https:\/\/www.medienoekonomie.at\/?page_id=31","og_locale":"de_DE","og_type":"article","og_title":"Downloads zu aktuelleren Publikationen | Manfred Knoche","og_description":"Publikationen inkl.M\u00f6glichkeiten&nbsp;Download&nbsp;unter Google Scholar&nbsp; &nbsp;Orcid&nbsp; &nbsp;Academia.edu&nbsp; &nbsp;Researchgate Neuere Publikationen&nbsp;mit weiteren Download-M\u00f6glichkeit Beitr\u00e4ge&nbsp;Open Access&nbsp;in &nbsp;eplus Uni Salzburg Manfred Knoche: Critique of the Political Economy of the Media: Foundations and Applications, Westminster Press (2025) Manfred Knoche: Alternative Media: Free from State, Market, &hellip; Weiterlesen &rarr;","og_url":"https:\/\/www.medienoekonomie.at\/?page_id=31","og_site_name":"Manfred Knoche","article_modified_time":"2025-07-21T05:25:20+00:00","twitter_card":"summary_large_image","twitter_misc":{"Gesch\u00e4tzte Lesezeit":"4\u00a0Minuten"},"schema":{"@context":"https:\/\/schema.org","@graph":[{"@type":"WebPage","@id":"https:\/\/www.medienoekonomie.at\/?page_id=31","url":"https:\/\/www.medienoekonomie.at\/?page_id=31","name":"Downloads zu aktuelleren Publikationen | Manfred Knoche","isPartOf":{"@id":"https:\/\/www.medienoekonomie.at\/#website"},"datePublished":"2022-08-13T21:23:29+00:00","dateModified":"2025-07-21T05:25:20+00:00","breadcrumb":{"@id":"https:\/\/www.medienoekonomie.at\/?page_id=31#breadcrumb"},"inLanguage":"de","potentialAction":[{"@type":"ReadAction","target":["https:\/\/www.medienoekonomie.at\/?page_id=31"]}]},{"@type":"BreadcrumbList","@id":"https:\/\/www.medienoekonomie.at\/?page_id=31#breadcrumb","itemListElement":[{"@type":"ListItem","position":1,"name":"Startseite","item":"https:\/\/www.medienoekonomie.at\/"},{"@type":"ListItem","position":2,"name":"Downloads zu aktuelleren Publikationen"}]},{"@type":"WebSite","@id":"https:\/\/www.medienoekonomie.at\/#website","url":"https:\/\/www.medienoekonomie.at\/","name":"Manfred Knoche","description":"Kritik der politischen \u00d6konomie der Medien","publisher":{"@id":"https:\/\/www.medienoekonomie.at\/#\/schema\/person\/a0234e5d142d94ce49ba4e5d9ebaa90c"},"potentialAction":[{"@type":"SearchAction","target":{"@type":"EntryPoint","urlTemplate":"https:\/\/www.medienoekonomie.at\/?s={search_term_string}"},"query-input":{"@type":"PropertyValueSpecification","valueRequired":true,"valueName":"search_term_string"}}],"inLanguage":"de"},{"@type":["Person","Organization"],"@id":"https:\/\/www.medienoekonomie.at\/#\/schema\/person\/a0234e5d142d94ce49ba4e5d9ebaa90c","name":"Manfred Knoche","image":{"@type":"ImageObject","inLanguage":"de","@id":"https:\/\/i0.wp.com\/www.medienoekonomie.at\/wp-content\/uploads\/2022\/08\/image.jpeg?fit=151%2C167&ssl=1","url":"https:\/\/i0.wp.com\/www.medienoekonomie.at\/wp-content\/uploads\/2022\/08\/image.jpeg?fit=151%2C167&ssl=1","contentUrl":"https:\/\/i0.wp.com\/www.medienoekonomie.at\/wp-content\/uploads\/2022\/08\/image.jpeg?fit=151%2C167&ssl=1","width":151,"height":167,"caption":"Manfred Knoche"},"logo":{"@id":"https:\/\/i0.wp.com\/www.medienoekonomie.at\/wp-content\/uploads\/2022\/08\/image.jpeg?fit=151%2C167&ssl=1"},"sameAs":["https:\/\/www.medienoekonomie.at"]}]}},"_links":{"self":[{"href":"https:\/\/www.medienoekonomie.at\/index.php?rest_route=\/wp\/v2\/pages\/31","targetHints":{"allow":["GET"]}}],"collection":[{"href":"https:\/\/www.medienoekonomie.at\/index.php?rest_route=\/wp\/v2\/pages"}],"about":[{"href":"https:\/\/www.medienoekonomie.at\/index.php?rest_route=\/wp\/v2\/types\/page"}],"author":[{"embeddable":true,"href":"https:\/\/www.medienoekonomie.at\/index.php?rest_route=\/wp\/v2\/users\/1"}],"replies":[{"embeddable":true,"href":"https:\/\/www.medienoekonomie.at\/index.php?rest_route=%2Fwp%2Fv2%2Fcomments&post=31"}],"version-history":[{"count":29,"href":"https:\/\/www.medienoekonomie.at\/index.php?rest_route=\/wp\/v2\/pages\/31\/revisions"}],"predecessor-version":[{"id":357,"href":"https:\/\/www.medienoekonomie.at\/index.php?rest_route=\/wp\/v2\/pages\/31\/revisions\/357"}],"wp:attachment":[{"href":"https:\/\/www.medienoekonomie.at\/index.php?rest_route=%2Fwp%2Fv2%2Fmedia&parent=31"}],"curies":[{"name":"wp","href":"https:\/\/api.w.org\/{rel}","templated":true}]}}